{"id":937,"date":"2023-07-17T11:11:42","date_gmt":"2023-07-17T11:11:42","guid":{"rendered":"https:\/\/observar.ch\/en\/?page_id=937"},"modified":"2023-08-11T08:06:22","modified_gmt":"2023-08-11T08:06:22","slug":"angebote-und-preise","status":"publish","type":"page","link":"https:\/\/observar.ch\/en\/angebote-und-preise\/","title":{"rendered":"Angebote und Preise"},"content":{"rendered":"\n<p><strong>Angebote und Preise<\/strong><strong>&nbsp; <\/strong>(zzgl. MwSt.)<strong><\/strong><\/p>\n\n\n\n<table>\n<tr>\n<td>Ab<\/td>\n<td style=\"text-align:right;padding-left:5px;\">450 CHF<\/td><td> einmalig<\/td>\n<td style=\"padding-left:40px;\">GAP Analyse (wie gut erf\u00fcllen wir bereits das CH DSG 2020 inkl. der Verordnung)?<\/td>\n<\/tr>\n<tr>\n<td>Ab<\/td>\n<td style=\"text-align:right;padding-left:5px;\">1&#8217;400 CHF<\/td><td> einmalig<\/td>\n<td style=\"padding-left:40px;\">GAP Analyse aktualisiert \u00fcber w\u00e4hlbare Perioden (z.B. 6 Monate) inkl. Entwicklung\/Periodenvergleich<\/td>\n<\/tr>\n<tr>\n<td>Ab<\/td>\n<td style=\"text-align:right;padding-left:5px;\">280 CHF<\/td><td> monatlich<\/td>\n<td style=\"padding-left:40px;\">Gesamtheitliche SaaS CH DSG Datenschutzl\u00f6sung \u00abready-to-use\u00bb inkl. Controls (inkl. 5 User)<\/td>\n<\/tr>\n<tr>\n<td>Ab<\/td>\n<td style=\"text-align:right;padding-left:5px;\">1&#8217;300 CHF<\/td><td> monatlich<\/td>\n<td style=\"padding-left:40px;\">Volle CH DSG Datenschutzl\u00f6sung \u00abready-to-use\u00bb (beim Kunden installiert inkl. 50 User = 26.&#8211;\/User)<\/td>\n<\/tr>\n<\/table>\n\n\n\n<h1>&nbsp;<\/h1>\n\n\n\n\n\n<p><strong>Angebot GAP Analyse<\/strong><\/p>\n\n\n\nDetails GAP Analyse unter:&nbsp;<br>\n<a href=\"https:\/\/observar.ch\/wp-content\/uploads\/2023\/07\/OBSERVAR_GAP_Analysis_Demo_Video.avi\">OBSERVAR Gap Analysis Demo Video<\/a>\n\n\n\n<h1>&nbsp;<\/h1>\n\n\n\n<table>\n<tr>\n<td style=\"vertical-align:top;\">CHF<\/td>\n<td style=\"vertical-align:top;text-align:right;padding-left:5px;\">450<\/td>\n<td style=\"padding-left:40px;padding-bottom:5px;\">f\u00fcr eine einmalige GAP Analyse unter Verwendung der 42 Massnahmen\/Controls<br\/>(GAP Analyse Grafik \u2013 plus Excel-Aufstellungen dazu mit 200 Zeichen je Control)<\/td>\n<\/tr>\n<tr>\n<td style=\"vertical-align:top;\">CHF<\/td>\n<td style=\"vertical-align:top;text-align:right;padding-left:5px;\">1&#8217;400<\/td>\n<td style=\"padding-left:40px;\">f\u00fcr zwei GAP Analysen unter Verwendung der 42 Massnahmen\/Controls:<br\/>\nerste GAP Analyse analog zu CHF 450 Angebot<br\/>\n+ s\u00e4mtliche Massnahmen\/Controls-Texte zur Verwendung in der Unit<br\/>\n(Volltexte-Beschreibungen mit ca. 400 \u2013 700 Zeichen je Control)<br\/>\n+ \u00dcbersichtsgrafik nachstehend (wof\u00fcr sind die definierten Controls\u2026)<br\/>\n+ zweite GAP Analyse wahlweise innerhalb von 3 \u2013 12 Monaten<\/td>\n<\/tr>\n<\/table>\n\n\n\n<p>Preise jeweils f\u00fcr eine Unit \u2013 falls mehrere Units (mehrere Tochtergesellschaften) gew\u00fcnscht: &nbsp;\u201eMengenrabatt\u201c m\u00f6glich.<\/p>\n\n\n\n<h1>&nbsp;<\/h1>\n\n\n\n<p>Standard GAP Grafik (einmalig oder mehrmalig)<br>\n<img decoding=\"async\" class=\"wp-image-2096\" style=\"width: 1000px;\" src=\"https:\/\/observar.ch\/wp-content\/uploads\/2023\/07\/donutExample.png\" alt=\"\"><\/p>\n\n\n\n<h1>&nbsp;<\/h1>\n\n\n\n<p>\u00dcbersichtsgrafik (unten nur Auszug) welche Gesetzesartikel werden mit den 42 Controls abgedeckt<br>\n<img decoding=\"async\" class=\"wp-image-2096\" style=\"width: 1000px;\" src=\"https:\/\/observar.ch\/wp-content\/uploads\/2023\/07\/chart_pie.jpg\" alt=\"\"><\/p>\n\n\n\n<h1>&nbsp;<\/h1>\n\n\n\n<p><strong>Falls Sie mit unserer L\u00f6sung eine GAP Analyse wie oben beschrieben durchf\u00fchren m\u00f6chten, gehen Sie bitte wie folgt vor:<\/strong>\n<table>\n<tr>\n<td style=\"padding-left:15px;vertical-align:top;\">1)<\/td>\n<td style=\"padding-left:10px;padding-bottom:10px;\">\u00dcberweisen Sie CHF 484.65 oder CHF 1&#8217;507.80 (jeweils inkl. MwSt.) auf das Konto der OBSERVAR AG<\/td>\n<\/tr>\n<tr>\n<td colspan=\"2\" style=\"padding-bottom:10px;\">\n<table>\n<tr>\n<td style=\"border: 1px solid #000000;padding-top:5px;padding-left:10px;padding-right:10px;padding-bottom:5px;\">\nUBS, 6300 Zug<br\/>\nSWIFT-Adr. (BIC) UBSWCHZH80A<br\/>\nKonto: 273 -111255.01D&nbsp;&nbsp;&nbsp;&nbsp;&nbsp;&nbsp;&nbsp;&nbsp;lautend auf OBSERVAR AG, CH-6340 Baar<br\/>\nIBAN:  CH58 0027 3273 1112 5501 D\n<\/td>\n<\/tr>\n<\/table>\n<\/td>\n<\/tr>\n<tr>\n<td style=\"padding-left:15px;vertical-align:top;\">2)<\/td>\n<td style=\"padding-left:10px;padding-bottom:10px;\">Senden Sie eine E-Mail mit dem gew\u00fcnschten \u00abUnit\u00bb-Namen f\u00fcr die GAP Analyse sowie mit<br\/>\nVorname, Nachname,<br\/>\ngew\u00fcnschter User-Name plus E-Mail-Adresse<br\/>\nf\u00fcr 1 oder 2 User welche die Arbeiten direkt in unserer Installation durchf\u00fchren sollen.<br\/>\nE-Mail an:  peter.nauer@observar.ch\n<\/td>\n<\/tr>\n<tr>\n<td style=\"padding-left:15px;vertical-align:top;\">3)<\/td>\n<td style=\"padding-left:10px;padding-bottom:10px;\">F\u00fcr zwei GAP Analysen melden Sie uns bitte in der gleichen E-Mail die gew\u00fcnschten Perioden<br\/>\n(Unsere Standardperioden sind Quartalsweise, Halbj\u00e4hrlich oder J\u00e4hrlich)<br\/>\nHalbj\u00e4hrliche Perioden werden per 30. Juni \/ 31. Dezember definiert<br\/>\nJ\u00e4hrliche Perioden per 30. Juni 2023 \u2013 2. Periode: per 30. Juni 2024<br\/>\n(sofern Sie andere Perioden w\u00fcnschen, bitten wir Sie uns zu kontaktieren)\n<\/td>\n<\/tr>\n<tr>\n<td style=\"padding-left:15px;vertical-align:top;\">4)<\/td>\n<td style=\"padding-left:10px;padding-bottom:10px;\">Sie erhalten innerhalb von 2 Arbeitstagen per E-Mail von uns:<br\/>\n&#8211; Eine Rechnung mit MwSt-Ausweis f\u00fcr den einbezahlten Betrag<br\/>\n&#8211; 1 oder 2 gemeldete User erhalten direkt den Zugang in die Installation<br\/>\n<\/td>\n<\/tr>\n<tr>\n<td style=\"padding-left:15px;vertical-align:top;\">5)<\/td>\n<td style=\"padding-left:10px;padding-bottom:10px;\">Der\/die User k\u00f6nnen sich einloggen und finden die 42 Controls zur Beantwortung vor<br\/>\ns. GAP Analyse Video: <a href=\"https:\/\/observar.ch\/wp-content\/uploads\/2023\/07\/OBSERVAR_GAP_Analysis_Demo_Video.avi\">OBSERVAR Gap Analysis Demo Video<\/a>\n<\/td>\n<\/tr>\n<tr>\n<td style=\"padding-left:15px;vertical-align:top;\">6)<\/td>\n<td style=\"padding-left:10px;padding-bottom:10px;\">Nach erfolgter Beurteilung k\u00f6nnen Sie sowohl die GAP-Grafik (z.B. als Screen-Shot) herunterladen oder das Excel-File mit<br\/>\nGrafik und Tabellen mit Informationen zu den Beurteilungen der Controls (11 Tabs im Excel-File).<br\/>\n(Die vollen Texte der Controls sind im Excel-File verf\u00fcgbar sofern Sie die Option f\u00fcr CHF 1&#8217;400 gew\u00e4hlt haben)<br\/>\nAnl\u00e4sslich der Beurteilung sind in den Eingabemasken immer die vollen Texte ersichtlich.<br\/>\n<\/td>\n<\/tr>\n<tr>\n<td style=\"padding-left:15px;vertical-align:top;\">7)<\/td>\n<td style=\"padding-left:10px;padding-bottom:10px;\"><strong>Bitte respektieren Sie unsere IP (Intellectual Property)<\/strong> und kopieren Sie nicht unberechtigt unsere Control-Definitionen f\u00fcr<br\/>\nwelche wir mehrere Arbeitswochen investiert haben. Sie erhalten diese abgek\u00fcrzt auf 200 Zeichen im Excel der einmaligen<br\/>\nGAP Analyse (sowie vollst\u00e4ndig zur Verf\u00fcgung innerhalb der angemeldeten Unit in der mehrmaligen GAP Analyse).\n<\/td>\n<\/tr>\n<tr>\n<td style=\"padding-left:15px;vertical-align:top;\">8)<\/td>\n<td style=\"padding-left:10px;padding-bottom:10px;\">Senden Sie uns eine E-Mail sobald Sie Ihre Arbeiten abgeschlossen haben.<br\/>\nBei zwei GAP Analysen informieren Sie uns auch nach Beendigung der ersten Analyse.\n<\/td>\n<\/tr>\n<\/table>\n<\/p>\n\n\n\n<h1>&nbsp;<\/h1>\n\n\n\n<p><strong>Angebot gesamtheitliche parametrisierte CH DSG L\u00f6sung&nbsp; <br>Lite &nbsp;&nbsp;&nbsp;&nbsp;&nbsp;&nbsp; &nbsp;&nbsp;&nbsp;&nbsp;&nbsp;&nbsp;&nbsp;&nbsp;&nbsp;&nbsp;&nbsp;&nbsp;&nbsp; = SaaS &nbsp;<\/strong><br><strong>Professional&nbsp; &nbsp;&nbsp;&nbsp; = WEB-L\u00f6sung auf Servern des Kunden installiert<\/strong><\/p>\n\n\n\n\n\n<p>Mit OBSERVAR k\u00f6nnen Sie s\u00e4mtliche Elemente des DSG dokumentieren inkl. der vorgenommenen Handlungen&nbsp;<br>(z.B. dokumentieren Sie mit OBSERVAR auch die Fristeneinhaltung bezgl. Auskunftsrecht&nbsp; oder&nbsp; Datenschutzverletzung)<br>\n<img decoding=\"async\" class=\"wp-image-2096\" style=\"width: 750px;\" src=\"https:\/\/observar.ch\/wp-content\/uploads\/2023\/07\/ch_dsg_01.jpg\" alt=\"\"><\/p>\n\n\n\n\n\n<p>Sehen Sie dazu die beiden Videos:<br\/>\n<a href=\"https:\/\/observar.ch\/wp-content\/uploads\/2022\/02\/1_Uebersicht_Admin_Bildschirm_OBS_Lite_2022.avi\">Uebersicht Admin Bildschirm OBS Lite 2022<\/a><\/br>\n<a href=\"https:\/\/observar.ch\/wp-content\/uploads\/2022\/05\/2a-Kurzversion-User-Basisfunktion.avi\">Kurzversion User Basisfunktion<\/a><\/p>\n\n\n\n<p>Sowie Detailinformationen auf unserer Homepage unter:<br> <a href=\"https:\/\/customer.observar.ch\/OBS2021\/page\/login\/login.obs\">OBSERVAR Lite<\/a> <br><br> <img decoding=\"async\" class=\"wp-image-2096\" style=\"width: 500px;\" src=\"https:\/\/observar.ch\/wp-content\/uploads\/2023\/08\/ch_dsg_02.jpg\" alt=\"\"><br><br> <img decoding=\"async\" class=\"wp-image-2096\" style=\"width: 500px;\" src=\"https:\/\/observar.ch\/wp-content\/uploads\/2023\/08\/ch_dsg_03.jpg\" alt=\"\"> <\/p>\n\n\n\n<h1>&nbsp;<\/h1>\n\n\n\n<p>Wir bieten f\u00fcr die Themen:<\/p>\n\n\n\n<ul class=\"wp-block-list\"><li><strong>ISMS Security<\/strong> mit 93 Massnahmen\/Controls (in english und Deutsch) nach neuem ISO 27002:2022<\/li><li>NIST <strong>Cyber Security<\/strong> (Update 2023)<\/li><\/ul>\n\n\n\n<p>wie auch weitere Themen wie IKS, generelle Compliance etc. vorkonfigurierte Module an.<\/p>\n\n\n\n<p>Gerne informieren wir Sie bez\u00fcglich unserer weiteren in unserer OBSERVAR L\u00f6sung integrierten Anwendungen.<\/p>\n\n\n\n<p><strong>OBSERVAR kann Sie auch als Datenschutzberater gem. Art. 10 DSG unterst\u00fctzen.<\/strong><br><strong>Unter Verwendung der OBSERVAR L\u00f6sung (z.B. LITE) k\u00f6nnen die gesamten<br>relevanten Anforderungen \u00e4usserst ressourcenschonend erf\u00fcllt werden.<\/strong><\/p>\n","protected":false},"excerpt":{"rendered":"<p>Angebote und Preise&nbsp; (zzgl. MwSt.) Ab 450 CHF einmalig GAP Analyse (wie gut erf\u00fcllen wir bereits das CH DSG 2020 inkl. der Verordnung)? Ab 1&#8217;400 CHF einmalig GAP Analyse aktualisiert \u00fcber w\u00e4hlbare Perioden (z.B. 6 Monate) inkl. Entwicklung\/Periodenvergleich Ab 280 CHF monatlich Gesamtheitliche SaaS CH DSG Datenschutzl\u00f6sung \u00abready-to-use\u00bb inkl. Controls (inkl. 5 User) Ab 1&#8217;300 [&hellip;]<\/p>\n","protected":false},"author":1,"featured_media":0,"parent":0,"menu_order":0,"comment_status":"closed","ping_status":"closed","template":"page-full.php","meta":{"footnotes":""},"class_list":["post-937","page","type-page","status-publish","hentry"],"_links":{"self":[{"href":"https:\/\/observar.ch\/en\/wp-json\/wp\/v2\/pages\/937","targetHints":{"allow":["GET"]}}],"collection":[{"href":"https:\/\/observar.ch\/en\/wp-json\/wp\/v2\/pages"}],"about":[{"href":"https:\/\/observar.ch\/en\/wp-json\/wp\/v2\/types\/page"}],"author":[{"embeddable":true,"href":"https:\/\/observar.ch\/en\/wp-json\/wp\/v2\/users\/1"}],"replies":[{"embeddable":true,"href":"https:\/\/observar.ch\/en\/wp-json\/wp\/v2\/comments?post=937"}],"version-history":[{"count":6,"href":"https:\/\/observar.ch\/en\/wp-json\/wp\/v2\/pages\/937\/revisions"}],"predecessor-version":[{"id":954,"href":"https:\/\/observar.ch\/en\/wp-json\/wp\/v2\/pages\/937\/revisions\/954"}],"wp:attachment":[{"href":"https:\/\/observar.ch\/en\/wp-json\/wp\/v2\/media?parent=937"}],"curies":[{"name":"wp","href":"https:\/\/api.w.org\/{rel}","templated":true}]}}